{"id":5877,"date":"2025-02-12T14:09:30","date_gmt":"2025-02-12T13:09:30","guid":{"rendered":"https:\/\/www.lorenz-consult.eu\/en\/?page_id=5877"},"modified":"2026-03-20T07:47:10","modified_gmt":"2026-03-20T06:47:10","slug":"locations","status":"publish","type":"page","link":"https:\/\/www.lorenz-consult.eu\/en\/company\/locations\/","title":{"rendered":"Our locations"},"content":{"rendered":"\t\t<div data-elementor-type=\"wp-page\" data-elementor-id=\"5877\" class=\"elementor elementor-5877\" data-elementor-post-type=\"page\">\n\t\t\t\t<div class=\"elementor-element elementor-element-054e0c4 e-con-full e-flex e-con e-parent\" data-id=\"054e0c4\" data-element_type=\"container\" data-e-type=\"container\" data-settings=\"{&quot;background_background&quot;:&quot;classic&quot;,&quot;jet_parallax_layout_list&quot;:[]}\">\n\t\t<div class=\"elementor-element elementor-element-0665ac0 e-con-full e-flex e-con e-child\" data-id=\"0665ac0\" data-element_type=\"container\" data-e-type=\"container\" id=\"top\" data-settings=\"{&quot;jet_parallax_layout_list&quot;:[]}\">\n\t\t\t\t<div class=\"elementor-element elementor-element-0e16761 elementor-widget__width-inherit elementor-widget elementor-widget-heading\" data-id=\"0e16761\" data-element_type=\"widget\" data-e-type=\"widget\" data-widget_type=\"heading.default\">\n\t\t\t\t<div class=\"elementor-widget-container\">\n\t\t\t\t\t<h1 class=\"elementor-heading-title elementor-size-default\">LOCATIONS<\/h1>\t\t\t\t<\/div>\n\t\t\t\t<\/div>\n\t\t\t\t<\/div>\n\t\t<div class=\"elementor-element elementor-element-e52cee8 e-con-full e-flex e-con e-child\" data-id=\"e52cee8\" data-element_type=\"container\" data-e-type=\"container\" data-settings=\"{&quot;jet_parallax_layout_list&quot;:[]}\">\n\t\t<div class=\"elementor-element elementor-element-1afd995 e-con-full e-flex e-con e-child\" data-id=\"1afd995\" data-element_type=\"container\" data-e-type=\"container\" data-settings=\"{&quot;jet_parallax_layout_list&quot;:[]}\">\n\t\t<div class=\"elementor-element elementor-element-1d9b74e e-con-full e-flex e-con e-child\" data-id=\"1d9b74e\" data-element_type=\"container\" data-e-type=\"container\" data-settings=\"{&quot;jet_parallax_layout_list&quot;:[]}\">\n\t\t\t\t<div class=\"elementor-element elementor-element-2e18928 elementor-widget elementor-widget-heading\" data-id=\"2e18928\" data-element_type=\"widget\" data-e-type=\"widget\" data-widget_type=\"heading.default\">\n\t\t\t\t<div class=\"elementor-widget-container\">\n\t\t\t\t\t<h2 class=\"elementor-heading-title elementor-size-default\">GRAZ<\/h2>\t\t\t\t<\/div>\n\t\t\t\t<\/div>\n\t\t\t\t<div class=\"elementor-element elementor-element-866d4d6 elementor-widget elementor-widget-text-editor\" data-id=\"866d4d6\" data-element_type=\"widget\" data-e-type=\"widget\" data-widget_type=\"text-editor.default\">\n\t\t\t\t<div class=\"elementor-widget-container\">\n\t\t\t\t\t\t\t\t\t<p><a href=\"https:\/\/www.google.com\/maps\/place\/Sparbersbachgasse+46,+8010+Graz\">Sparbersbachgasse 46<\/a><br \/>8010 Graz<\/p>\t\t\t\t\t\t\t\t<\/div>\n\t\t\t\t<\/div>\n\t\t\t\t<\/div>\n\t\t<div class=\"elementor-element elementor-element-6b02478 e-con-full e-flex e-con e-child\" data-id=\"6b02478\" data-element_type=\"container\" data-e-type=\"container\" data-settings=\"{&quot;jet_parallax_layout_list&quot;:[]}\">\n\t\t\t\t<div class=\"elementor-element elementor-element-e5b45a1 elementor-widget elementor-widget-heading\" data-id=\"e5b45a1\" data-element_type=\"widget\" data-e-type=\"widget\" data-widget_type=\"heading.default\">\n\t\t\t\t<div class=\"elementor-widget-container\">\n\t\t\t\t\t<h2 class=\"elementor-heading-title elementor-size-default\">VIENNA<\/h2>\t\t\t\t<\/div>\n\t\t\t\t<\/div>\n\t\t\t\t<div class=\"elementor-element elementor-element-e3c6c6d elementor-widget elementor-widget-text-editor\" data-id=\"e3c6c6d\" data-element_type=\"widget\" data-e-type=\"widget\" data-widget_type=\"text-editor.default\">\n\t\t\t\t<div class=\"elementor-widget-container\">\n\t\t\t\t\t\t\t\t\t<p><a href=\"https:\/\/www.google.at\/maps\/place\/Modecenterstra%C3%9Fe+17%2FObjekt+2%2F1.OG%2FA,+1110+Wien\/@48.183781,16.4135562,180m\/data=!3m1!1e3!4m5!3m4!1s0x476da9fdf8a30a13:0x7875b8326e15a647!8m2!3d48.1837174!4d16.4138698?entry=ttu&amp;g_ep=EgoyMDI0MTIxMS4wIKXMDSoASAFQAw%3D%3D\" target=\"_blank\" rel=\"noopener\">Modecenterstra\u00dfe 17<\/a><br \/><a href=\"https:\/\/www.google.at\/maps\/place\/Modecenterstra%C3%9Fe+17%2FObjekt+2%2F1.OG%2FA,+1110+Wien\/@48.1837174,16.4112949,856m\/data=!3m2!1e3!4b1!4m5!3m4!1s0x476da9fdf8a30a13:0x7875b8326e15a647!8m2!3d48.1837174!4d16.4138698?entry=ttu&amp;g_ep=EgoyMDI0MTIxMS4wIKXMDSoASAFQAw%3D%3D\" target=\"_blank\" rel=\"noopener\">Objekt 2\/1.OG\/A<\/a><br \/><a href=\"https:\/\/www.google.at\/maps\/place\/Modecenterstra%C3%9Fe+17%2FObjekt+2%2F1.OG%2FA,+1110+Wien\/@48.1837174,16.4112949,856m\/data=!3m2!1e3!4b1!4m5!3m4!1s0x476da9fdf8a30a13:0x7875b8326e15a647!8m2!3d48.1837174!4d16.4138698?entry=ttu&amp;g_ep=EgoyMDI0MTIxMS4wIKXMDSoASAFQAw%3D%3D\" target=\"_blank\" rel=\"noopener\">1110 <\/a>Vienna<\/p>\t\t\t\t\t\t\t\t<\/div>\n\t\t\t\t<\/div>\n\t\t\t\t<\/div>\n\t\t<div class=\"elementor-element elementor-element-ec8d4fd e-con-full e-flex e-con e-child\" data-id=\"ec8d4fd\" data-element_type=\"container\" data-e-type=\"container\" data-settings=\"{&quot;jet_parallax_layout_list&quot;:[]}\">\n\t\t\t\t<div class=\"elementor-element elementor-element-9dce4f2 elementor-widget elementor-widget-heading\" data-id=\"9dce4f2\" data-element_type=\"widget\" data-e-type=\"widget\" data-widget_type=\"heading.default\">\n\t\t\t\t<div class=\"elementor-widget-container\">\n\t\t\t\t\t<h2 class=\"elementor-heading-title elementor-size-default\">LINZ<\/h2>\t\t\t\t<\/div>\n\t\t\t\t<\/div>\n\t\t\t\t<div class=\"elementor-element elementor-element-ae9cfdb elementor-widget elementor-widget-text-editor\" data-id=\"ae9cfdb\" data-element_type=\"widget\" data-e-type=\"widget\" data-widget_type=\"text-editor.default\">\n\t\t\t\t<div class=\"elementor-widget-container\">\n\t\t\t\t\t\t\t\t\t<p><a href=\"https:\/\/maps.app.goo.gl\/4Bhk9zxTu2kS2zRt8\" target=\"_blank\" rel=\"noopener\">Freist\u00e4dter Stra\u00dfe 31-35<\/a><br \/><a href=\"_wp_link_placeholder\">4020 Linz<\/a><\/p>\t\t\t\t\t\t\t\t<\/div>\n\t\t\t\t<\/div>\n\t\t\t\t<\/div>\n\t\t<div class=\"elementor-element elementor-element-52f7f6c e-con-full e-flex e-con e-child\" data-id=\"52f7f6c\" data-element_type=\"container\" data-e-type=\"container\" data-settings=\"{&quot;jet_parallax_layout_list&quot;:[]}\">\n\t\t\t\t<div class=\"elementor-element elementor-element-89be84e elementor-widget elementor-widget-heading\" data-id=\"89be84e\" data-element_type=\"widget\" data-e-type=\"widget\" data-widget_type=\"heading.default\">\n\t\t\t\t<div class=\"elementor-widget-container\">\n\t\t\t\t\t<h2 class=\"elementor-heading-title elementor-size-default\">VILLACH<\/h2>\t\t\t\t<\/div>\n\t\t\t\t<\/div>\n\t\t\t\t<div class=\"elementor-element elementor-element-b47c08d elementor-widget elementor-widget-text-editor\" data-id=\"b47c08d\" data-element_type=\"widget\" data-e-type=\"widget\" data-widget_type=\"text-editor.default\">\n\t\t\t\t<div class=\"elementor-widget-container\">\n\t\t\t\t\t\t\t\t\t<p><a href=\"https:\/\/www.google.com\/maps\/place\/Karawankenweg+16,+9500+Villach\/\">Karawankenweg 16<\/a><br \/>9500 Villach<\/p>\t\t\t\t\t\t\t\t<\/div>\n\t\t\t\t<\/div>\n\t\t\t\t<\/div>\n\t\t<div class=\"elementor-element elementor-element-9d00cb4 e-con-full e-flex e-con e-child\" data-id=\"9d00cb4\" data-element_type=\"container\" data-e-type=\"container\" data-settings=\"{&quot;jet_parallax_layout_list&quot;:[]}\">\n\t\t\t\t<div class=\"elementor-element elementor-element-a29f811 elementor-widget-mobile__width-initial elementor-widget elementor-widget-heading\" data-id=\"a29f811\" data-element_type=\"widget\" data-e-type=\"widget\" data-widget_type=\"heading.default\">\n\t\t\t\t<div class=\"elementor-widget-container\">\n\t\t\t\t\t<h2 class=\"elementor-heading-title elementor-size-default\">Munich<\/h2>\t\t\t\t<\/div>\n\t\t\t\t<\/div>\n\t\t\t\t<div class=\"elementor-element elementor-element-0b28066 elementor-widget-mobile__width-initial elementor-widget elementor-widget-text-editor\" data-id=\"0b28066\" data-element_type=\"widget\" data-e-type=\"widget\" data-widget_type=\"text-editor.default\">\n\t\t\t\t<div class=\"elementor-widget-container\">\n\t\t\t\t\t\t\t\t\t<p><a href=\"https:\/\/www.google.at\/maps\/place\/Ridlerstra%C3%9Fe+11,+80339+M%C3%BCnchen,+Deutschland\/@48.1308916,11.5345924,1280m\/data=!3m1!1e3!4m6!3m5!1s0x479dd8aef6c253b9:0x211347195d37ce62!8m2!3d48.1312905!4d11.5373677!16s%2Fg%2F11bw3znsmd?entry=ttu&amp;g_ep=EgoyMDI1MDUxMy4xIKXMDSoASAFQAw%3D%3D\" target=\"_blank\" rel=\"noopener\">Ridlerstra\u00dfe 11<\/a><br \/><a href=\"https:\/\/www.google.at\/maps\/place\/Ridlerstra%C3%9Fe+11,+80339+M%C3%BCnchen,+Deutschland\/@48.1308916,11.5345924,1280m\/data=!3m1!1e3!4m6!3m5!1s0x479dd8aef6c253b9:0x211347195d37ce62!8m2!3d48.1312905!4d11.5373677!16s%2Fg%2F11bw3znsmd?entry=ttu&amp;g_ep=EgoyMDI1MDUxMy4xIKXMDSoASAFQAw%3D%3D\" target=\"_blank\" rel=\"noopener\">80339 M\u00fcnchen<\/a><\/p>\t\t\t\t\t\t\t\t<\/div>\n\t\t\t\t<\/div>\n\t\t\t\t<\/div>\n\t\t\t\t<\/div>\n\t\t<div class=\"elementor-element elementor-element-40df118 e-con-full e-flex e-con e-child\" data-id=\"40df118\" data-element_type=\"container\" data-e-type=\"container\" data-settings=\"{&quot;jet_parallax_layout_list&quot;:[]}\">\n\t\t\t\t<div class=\"elementor-element elementor-element-86c11be elementor-widget elementor-widget-google_maps\" data-id=\"86c11be\" data-element_type=\"widget\" data-e-type=\"widget\" data-widget_type=\"google_maps.default\">\n\t\t\t\t<div class=\"elementor-widget-container\">\n\t\t\t\t\t\t\t<div class=\"elementor-custom-embed\">\n\t\t\t<iframe loading=\"lazy\"\n\t\t\t\t\tsrc=\"https:\/\/maps.google.com\/maps?q=sparbersbachgasse%2046&#038;t=m&#038;z=13&#038;output=embed&#038;iwloc=near\"\n\t\t\t\t\ttitle=\"sparbersbachgasse 46\"\n\t\t\t\t\taria-label=\"sparbersbachgasse 46\"\n\t\t\t><\/iframe>\n\t\t<\/div>\n\t\t\t\t\t\t<\/div>\n\t\t\t\t<\/div>\n\t\t\t\t<\/div>\n\t\t<div class=\"elementor-element elementor-element-faa806c e-con-full e-flex e-con e-child\" data-id=\"faa806c\" data-element_type=\"container\" data-e-type=\"container\" data-settings=\"{&quot;jet_parallax_layout_list&quot;:[]}\">\n\t\t<div class=\"elementor-element elementor-element-8337dd2 e-con-full e-flex e-con e-child\" data-id=\"8337dd2\" data-element_type=\"container\" data-e-type=\"container\" data-settings=\"{&quot;jet_parallax_layout_list&quot;:[]}\">\n\t\t\t\t<div class=\"elementor-element elementor-element-42e23c7 elementor-widget__width-auto elementor-widget elementor-widget-heading\" data-id=\"42e23c7\" data-element_type=\"widget\" data-e-type=\"widget\" data-widget_type=\"heading.default\">\n\t\t\t\t<div class=\"elementor-widget-container\">\n\t\t\t\t\t<div class=\"elementor-heading-title elementor-size-default\"><a href=\"mailto:marketing@lorenz-consult.at\">contact us<\/a><\/div>\t\t\t\t<\/div>\n\t\t\t\t<\/div>\n\t\t\t\t<div class=\"elementor-element elementor-element-c62a160 elementor-widget__width-auto elementor-view-default elementor-widget elementor-widget-icon\" data-id=\"c62a160\" data-element_type=\"widget\" data-e-type=\"widget\" data-widget_type=\"icon.default\">\n\t\t\t\t<div class=\"elementor-widget-container\">\n\t\t\t\t\t\t\t<div class=\"elementor-icon-wrapper\">\n\t\t\t<a class=\"elementor-icon\" href=\"mailto:marketing@lorenz-consult.at\">\n\t\t\t<svg xmlns=\"http:\/\/www.w3.org\/2000\/svg\" width=\"48\" height=\"48\" viewBox=\"0 0 48 48\"><g id=\"arrow-48px\" transform=\"translate(-352 -1832)\"><circle id=\"Ellipse_9\" data-name=\"Ellipse 9\" cx=\"24\" cy=\"24\" r=\"24\" transform=\"translate(352 1832)\"><\/circle><path id=\"Pfad_38\" data-name=\"Pfad 38\" d=\"M9.69,0,8.341,1.269l5.29,5.21H0V8.45h13.6L8.367,13.631l1.35,1.27L17.141,7.45Z\" transform=\"translate(366.97 1848.55)\" fill=\"#fffffb\"><\/path><\/g><\/svg>\t\t\t<\/a>\n\t\t<\/div>\n\t\t\t\t\t\t<\/div>\n\t\t\t\t<\/div>\n\t\t\t\t<\/div>\n\t\t\t\t<div class=\"elementor-element elementor-element-2b70b3e elementor-widget__width-initial elementor-widget-mobile__width-initial elementor-widget elementor-widget-text-editor\" data-id=\"2b70b3e\" data-element_type=\"widget\" data-e-type=\"widget\" data-widget_type=\"text-editor.default\">\n\t\t\t\t<div class=\"elementor-widget-container\">\n\t\t\t\t\t\t\t\t\t<p>Lorenz Consult ZT GmbH<br \/><br \/>Sparbersbachgasse 46<br \/>8010 Graz<\/p><p><a href=\"tel:004331680180\">+43 316 80 18 0<\/a><br \/><a href=\"mailto:office@lorenz-consult.at\">office@lorenz-consult.at<\/a><\/p>\t\t\t\t\t\t\t\t<\/div>\n\t\t\t\t<\/div>\n\t\t\t\t<\/div>\n\t\t\t\t<\/div>\n\t\t\t\t<\/div>\n\t\t\t\t<\/div>\n\t\t","protected":false},"excerpt":{"rendered":"<p>LOCATIONS GRAZ Sparbersbachgasse 468010 Graz VIENNA Modecenterstra\u00dfe 17Objekt 2\/1.OG\/A1110 Vienna LINZ Freist\u00e4dter Stra\u00dfe 31-354020 Linz VILLACH Karawankenweg 169500 Villach Munich Ridlerstra\u00dfe 1180339 M\u00fcnchen contact us Lorenz Consult ZT GmbH Sparbersbachgasse 468010 Graz +43 316 80 18 0office@lorenz-consult.at<\/p>\n","protected":false},"author":11,"featured_media":0,"parent":500,"menu_order":0,"comment_status":"closed","ping_status":"closed","template":"","meta":{"footnotes":""},"class_list":["post-5877","page","type-page","status-publish","hentry"],"acf":[],"yoast_head":"<!-- This site is optimized with the Yoast SEO plugin v27.2 - https:\/\/yoast.com\/product\/yoast-seo-wordpress\/ -->\n<title>Our locations &#8211; Lorenz Consult ZT GmbH<\/title>\n<meta name=\"description\" content=\"As a professional and competent team at Lorenz Consult, we stand for exceptional results and tailor-made solutions.\" \/>\n<meta name=\"robots\" content=\"index, follow, max-snippet:-1, max-image-preview:large, max-video-preview:-1\" \/>\n<link rel=\"canonical\" href=\"https:\/\/www.lorenz-consult.eu\/en\/company\/locations\/\" \/>\n<meta property=\"og:locale\" content=\"en_US\" \/>\n<meta property=\"og:type\" content=\"article\" \/>\n<meta property=\"og:title\" content=\"Our locations &#8211; Lorenz Consult ZT GmbH\" \/>\n<meta property=\"og:description\" content=\"As a professional and competent team at Lorenz Consult, we stand for exceptional results and tailor-made solutions.\" \/>\n<meta property=\"og:url\" content=\"https:\/\/www.lorenz-consult.eu\/en\/company\/locations\/\" \/>\n<meta property=\"og:site_name\" content=\"Lorenz Consult ZT GmbH\" \/>\n<meta property=\"article:modified_time\" content=\"2026-03-20T06:47:10+00:00\" \/>\n<meta name=\"twitter:card\" content=\"summary_large_image\" \/>\n<meta name=\"twitter:label1\" content=\"Est. reading time\" \/>\n\t<meta name=\"twitter:data1\" content=\"1 minute\" \/>\n<script type=\"application\/ld+json\" class=\"yoast-schema-graph\">{\"@context\":\"https:\/\/schema.org\",\"@graph\":[{\"@type\":\"WebPage\",\"@id\":\"https:\/\/www.lorenz-consult.eu\/en\/company\/locations\/\",\"url\":\"https:\/\/www.lorenz-consult.eu\/en\/company\/locations\/\",\"name\":\"Our locations &#8211; Lorenz Consult ZT GmbH\",\"isPartOf\":{\"@id\":\"https:\/\/www.lorenz-consult.eu\/en\/#website\"},\"datePublished\":\"2025-02-12T13:09:30+00:00\",\"dateModified\":\"2026-03-20T06:47:10+00:00\",\"description\":\"As a professional and competent team at Lorenz Consult, we stand for exceptional results and tailor-made solutions.\",\"breadcrumb\":{\"@id\":\"https:\/\/www.lorenz-consult.eu\/en\/company\/locations\/#breadcrumb\"},\"inLanguage\":\"en-US\",\"potentialAction\":[{\"@type\":\"ReadAction\",\"target\":[\"https:\/\/www.lorenz-consult.eu\/en\/company\/locations\/\"]}]},{\"@type\":\"BreadcrumbList\",\"@id\":\"https:\/\/www.lorenz-consult.eu\/en\/company\/locations\/#breadcrumb\",\"itemListElement\":[{\"@type\":\"ListItem\",\"position\":1,\"name\":\"Startseite\",\"item\":\"https:\/\/www.lorenz-consult.eu\/en\/\"},{\"@type\":\"ListItem\",\"position\":2,\"name\":\"Company\",\"item\":\"https:\/\/www.lorenz-consult.eu\/en\/company\/\"},{\"@type\":\"ListItem\",\"position\":3,\"name\":\"Our locations\"}]},{\"@type\":\"WebSite\",\"@id\":\"https:\/\/www.lorenz-consult.eu\/en\/#website\",\"url\":\"https:\/\/www.lorenz-consult.eu\/en\/\",\"name\":\"Lorenz Consult ZT GmbH\",\"description\":\"\",\"potentialAction\":[{\"@type\":\"SearchAction\",\"target\":{\"@type\":\"EntryPoint\",\"urlTemplate\":\"https:\/\/www.lorenz-consult.eu\/en\/?s={search_term_string}\"},\"query-input\":{\"@type\":\"PropertyValueSpecification\",\"valueRequired\":true,\"valueName\":\"search_term_string\"}}],\"inLanguage\":\"en-US\"}]}<\/script>\n<!-- \/ Yoast SEO plugin. -->","yoast_head_json":{"title":"Our locations &#8211; Lorenz Consult ZT GmbH","description":"As a professional and competent team at Lorenz Consult, we stand for exceptional results and tailor-made solutions.","robots":{"index":"index","follow":"follow","max-snippet":"max-snippet:-1","max-image-preview":"max-image-preview:large","max-video-preview":"max-video-preview:-1"},"canonical":"https:\/\/www.lorenz-consult.eu\/en\/company\/locations\/","og_locale":"en_US","og_type":"article","og_title":"Our locations &#8211; Lorenz Consult ZT GmbH","og_description":"As a professional and competent team at Lorenz Consult, we stand for exceptional results and tailor-made solutions.","og_url":"https:\/\/www.lorenz-consult.eu\/en\/company\/locations\/","og_site_name":"Lorenz Consult ZT GmbH","article_modified_time":"2026-03-20T06:47:10+00:00","twitter_card":"summary_large_image","twitter_misc":{"Est. reading time":"1 minute"},"schema":{"@context":"https:\/\/schema.org","@graph":[{"@type":"WebPage","@id":"https:\/\/www.lorenz-consult.eu\/en\/company\/locations\/","url":"https:\/\/www.lorenz-consult.eu\/en\/company\/locations\/","name":"Our locations &#8211; Lorenz Consult ZT GmbH","isPartOf":{"@id":"https:\/\/www.lorenz-consult.eu\/en\/#website"},"datePublished":"2025-02-12T13:09:30+00:00","dateModified":"2026-03-20T06:47:10+00:00","description":"As a professional and competent team at Lorenz Consult, we stand for exceptional results and tailor-made solutions.","breadcrumb":{"@id":"https:\/\/www.lorenz-consult.eu\/en\/company\/locations\/#breadcrumb"},"inLanguage":"en-US","potentialAction":[{"@type":"ReadAction","target":["https:\/\/www.lorenz-consult.eu\/en\/company\/locations\/"]}]},{"@type":"BreadcrumbList","@id":"https:\/\/www.lorenz-consult.eu\/en\/company\/locations\/#breadcrumb","itemListElement":[{"@type":"ListItem","position":1,"name":"Startseite","item":"https:\/\/www.lorenz-consult.eu\/en\/"},{"@type":"ListItem","position":2,"name":"Company","item":"https:\/\/www.lorenz-consult.eu\/en\/company\/"},{"@type":"ListItem","position":3,"name":"Our locations"}]},{"@type":"WebSite","@id":"https:\/\/www.lorenz-consult.eu\/en\/#website","url":"https:\/\/www.lorenz-consult.eu\/en\/","name":"Lorenz Consult ZT GmbH","description":"","potentialAction":[{"@type":"SearchAction","target":{"@type":"EntryPoint","urlTemplate":"https:\/\/www.lorenz-consult.eu\/en\/?s={search_term_string}"},"query-input":{"@type":"PropertyValueSpecification","valueRequired":true,"valueName":"search_term_string"}}],"inLanguage":"en-US"}]}},"_links":{"self":[{"href":"https:\/\/www.lorenz-consult.eu\/en\/wp-json\/wp\/v2\/pages\/5877","targetHints":{"allow":["GET"]}}],"collection":[{"href":"https:\/\/www.lorenz-consult.eu\/en\/wp-json\/wp\/v2\/pages"}],"about":[{"href":"https:\/\/www.lorenz-consult.eu\/en\/wp-json\/wp\/v2\/types\/page"}],"author":[{"embeddable":true,"href":"https:\/\/www.lorenz-consult.eu\/en\/wp-json\/wp\/v2\/users\/11"}],"replies":[{"embeddable":true,"href":"https:\/\/www.lorenz-consult.eu\/en\/wp-json\/wp\/v2\/comments?post=5877"}],"version-history":[{"count":7,"href":"https:\/\/www.lorenz-consult.eu\/en\/wp-json\/wp\/v2\/pages\/5877\/revisions"}],"predecessor-version":[{"id":7597,"href":"https:\/\/www.lorenz-consult.eu\/en\/wp-json\/wp\/v2\/pages\/5877\/revisions\/7597"}],"up":[{"embeddable":true,"href":"https:\/\/www.lorenz-consult.eu\/en\/wp-json\/wp\/v2\/pages\/500"}],"wp:attachment":[{"href":"https:\/\/www.lorenz-consult.eu\/en\/wp-json\/wp\/v2\/media?parent=5877"}],"curies":[{"name":"wp","href":"https:\/\/api.w.org\/{rel}","templated":true}]}}